{"id":114,"date":"2022-07-04T14:51:52","date_gmt":"2022-07-04T14:51:52","guid":{"rendered":"https:\/\/fulkum.live-website.com\/?page_id=114"},"modified":"2022-10-22T15:15:45","modified_gmt":"2022-10-22T15:15:45","slug":"osterfeuer","status":"publish","type":"page","link":"https:\/\/fulkum.de\/?page_id=114","title":{"rendered":"Osterfeuer"},"content":{"rendered":"<style>#kt-layout-id_891614-52 > .kt-row-column-wrap{align-content:start;}:where(#kt-layout-id_891614-52 > .kt-row-column-wrap) > .wp-block-kadence-column{justify-content:start;}#kt-layout-id_891614-52 > .kt-row-column-wrap{column-gap:var(--global-kb-gap-md, 2rem);row-gap:var(--global-kb-gap-md, 2rem);padding-top:var( --global-kb-row-default-top, 25px );padding-bottom:var( --global-kb-row-default-bottom, 25px );padding-top:var(--global-kb-spacing-sm, 1.5rem);padding-bottom:var(--global-kb-spacing-sm, 1.5rem);grid-template-columns:minmax(0, 2fr) minmax(0, 1fr);}#kt-layout-id_891614-52 > .kt-row-layout-overlay{opacity:0.30;}@media all and (max-width: 1024px){#kt-layout-id_891614-52 > .kt-row-column-wrap{grid-template-columns:minmax(0, 2fr) minmax(0, 1fr);}}@media all and (max-width: 767px){#kt-layout-id_891614-52 > .kt-row-column-wrap{grid-template-columns:minmax(0, 1fr);}}<\/style>\n<div class=\"wp-block-kadence-rowlayout alignnone\"><div id=\"kt-layout-id_891614-52\" class=\"kt-row-layout-inner kt-layout-id_891614-52\"><div class=\"kt-row-column-wrap kt-has-2-columns kt-gutter-default kt-v-gutter-default kt-row-valign-top kt-row-layout-left-golden kt-tab-layout-inherit kt-m-colapse-left-to-right kt-mobile-layout-row\"><style>.kadence-column_f4a8e3-c1 > .kt-inside-inner-col{border-top-width:0px;border-right-width:0px;border-bottom-width:0px;border-left-width:0px;}.kadence-column_f4a8e3-c1 > .kt-inside-inner-col,.kadence-column_f4a8e3-c1 > .kt-inside-inner-col:before{border-top-left-radius:0px;border-top-right-radius:0px;border-bottom-right-radius:0px;border-bottom-left-radius:0px;}.kadence-column_f4a8e3-c1 > .kt-inside-inner-col{column-gap:var(--global-kb-gap-sm, 1rem);}.kadence-column_f4a8e3-c1 > .kt-inside-inner-col{flex-direction:column;}.kadence-column_f4a8e3-c1 > .kt-inside-inner-col > .aligncenter{width:100%;}.kadence-column_f4a8e3-c1 > .kt-inside-inner-col:before{opacity:0.3;}.kadence-column_f4a8e3-c1{position:relative;}@media all and (max-width: 1024px){.kadence-column_f4a8e3-c1 > .kt-inside-inner-col{flex-direction:column;justify-content:center;}}@media all and (max-width: 767px){.kadence-column_f4a8e3-c1 > .kt-inside-inner-col{flex-direction:column;justify-content:center;}}<\/style>\n<div class=\"wp-block-kadence-column inner-column-1 kadence-column_f4a8e3-c1\"><div class=\"kt-inside-inner-col\">\n<p>Am Ostersonnabend werden traditionell die gro\u00dfen Osterfeuer angez\u00fcndet. Schon Wochen vorher werden die notwendigen Materialien zusammengetragen: Holzschnitt aus den G\u00e4rten bildet den Grundstock, dazu kommen alle Materialien, die sich leicht verbrennen lassen. Auf dem Strauchberg wird eine Puppe aufgestellt. Nach Eintritt der Dunkelheit wird das Osterfeuer entz\u00fcndet.<\/p>\n\n\n\n<p>Und es wird gefeiert. In dichten Reihen stehen die Menschen um das gro\u00dfe Feuer und schauen in die lodernden Flammen, welches das Ende der Winterzeit und den Beginn der hellen Sommerzeit verk\u00fcnden sollen.<\/p>\n\n\n\n<p>Seit einigen Jahren wird das Osterfeuer von der Dorfjugend Fulkum organisiert. Diese kontrollieren den Abbrand und sorgt f\u00fcr die Getr\u00e4nke und das Gegrillte.<\/p>\n\n\n\n<p>Das Osterfeuer ist ein alter heidnischer Brauch, mit dem der Winter ausgetrieben werden soll und das Fr\u00fchjahr den Einzug hielt. Das Osterfeuer wird bei einsetzender D\u00e4mmerung am Ostersonnabend angez\u00fcndet.<\/p>\n<\/div><\/div>\n\n\n<style>.kadence-column_0d2059-f6 > .kt-inside-inner-col{border-top-width:0px;border-right-width:0px;border-bottom-width:0px;border-left-width:0px;}.kadence-column_0d2059-f6 > .kt-inside-inner-col,.kadence-column_0d2059-f6 > .kt-inside-inner-col:before{border-top-left-radius:0px;border-top-right-radius:0px;border-bottom-right-radius:0px;border-bottom-left-radius:0px;}.kadence-column_0d2059-f6 > .kt-inside-inner-col{column-gap:var(--global-kb-gap-sm, 1rem);}.kadence-column_0d2059-f6 > .kt-inside-inner-col{flex-direction:column;}.kadence-column_0d2059-f6 > .kt-inside-inner-col > .aligncenter{width:100%;}.kadence-column_0d2059-f6 > .kt-inside-inner-col:before{opacity:0.3;}.kadence-column_0d2059-f6{position:relative;}@media all and (max-width: 1024px){.kadence-column_0d2059-f6 > .kt-inside-inner-col{flex-direction:column;justify-content:center;}}@media all and (max-width: 767px){.kadence-column_0d2059-f6 > .kt-inside-inner-col{flex-direction:column;justify-content:center;}}<\/style>\n<div class=\"wp-block-kadence-column inner-column-2 kadence-column_0d2059-f6\"><div class=\"kt-inside-inner-col\">\n<figure class=\"wp-block-image size-full\"><img loading=\"lazy\" decoding=\"async\" width=\"300\" height=\"337\" src=\"https:\/\/fulkum.de\/wp-content\/uploads\/2022\/07\/Osterfeuer_klein.jpg\" alt=\"\" class=\"wp-image-276\" srcset=\"https:\/\/fulkum.de\/wp-content\/uploads\/2022\/07\/Osterfeuer_klein.jpg 300w, https:\/\/fulkum.de\/wp-content\/uploads\/2022\/07\/Osterfeuer_klein-267x300.jpg 267w\" sizes=\"auto, (max-width: 300px) 100vw, 300px\" \/><\/figure>\n<\/div><\/div>\n<\/div><\/div><\/div>\n","protected":false},"excerpt":{"rendered":"<p>Am Ostersonnabend werden traditionell die gro\u00dfen Osterfeuer angez\u00fcndet. Schon Wochen vorher werden die notwendigen Materialien zusammengetragen: Holzschnitt aus den G\u00e4rten bildet den Grundstock, dazu kommen alle Materialien, die sich leicht verbrennen lassen. Auf dem&#46;&#46;&#46;<\/p>\n","protected":false},"author":1,"featured_media":0,"parent":75,"menu_order":0,"comment_status":"closed","ping_status":"closed","template":"","meta":{"footnotes":""},"class_list":["post-114","page","type-page","status-publish","hentry"],"_links":{"self":[{"href":"https:\/\/fulkum.de\/index.php?rest_route=\/wp\/v2\/pages\/114","targetHints":{"allow":["GET"]}}],"collection":[{"href":"https:\/\/fulkum.de\/index.php?rest_route=\/wp\/v2\/pages"}],"about":[{"href":"https:\/\/fulkum.de\/index.php?rest_route=\/wp\/v2\/types\/page"}],"author":[{"embeddable":true,"href":"https:\/\/fulkum.de\/index.php?rest_route=\/wp\/v2\/users\/1"}],"replies":[{"embeddable":true,"href":"https:\/\/fulkum.de\/index.php?rest_route=%2Fwp%2Fv2%2Fcomments&post=114"}],"version-history":[{"count":2,"href":"https:\/\/fulkum.de\/index.php?rest_route=\/wp\/v2\/pages\/114\/revisions"}],"predecessor-version":[{"id":277,"href":"https:\/\/fulkum.de\/index.php?rest_route=\/wp\/v2\/pages\/114\/revisions\/277"}],"up":[{"embeddable":true,"href":"https:\/\/fulkum.de\/index.php?rest_route=\/wp\/v2\/pages\/75"}],"wp:attachment":[{"href":"https:\/\/fulkum.de\/index.php?rest_route=%2Fwp%2Fv2%2Fmedia&parent=114"}],"curies":[{"name":"wp","href":"https:\/\/api.w.org\/{rel}","templated":true}]}}