{"id":118,"date":"2022-07-04T14:53:29","date_gmt":"2022-07-04T14:53:29","guid":{"rendered":"https:\/\/fulkum.live-website.com\/?page_id=118"},"modified":"2022-07-04T14:56:18","modified_gmt":"2022-07-04T14:56:18","slug":"pfingstbaum","status":"publish","type":"page","link":"https:\/\/fulkum.de\/?page_id=118","title":{"rendered":"Kinder schm\u00fccken ihren Pfingstbaum"},"content":{"rendered":"\n<p>Zu Pfingsten wird von den Kindern ein Pfingstbaum am Stra\u00dfenrand aufgestellt. Vorbeikommende Autofahrer und Radfahrer halten an und geben f\u00fcr den sch\u00f6n geschm\u00fcckten Baum eine Spende.<\/p>\n","protected":false},"excerpt":{"rendered":"<p>Zu Pfingsten wird von den Kindern ein Pfingstbaum am Stra\u00dfenrand aufgestellt. Vorbeikommende Autofahrer und Radfahrer halten an und geben f\u00fcr den sch\u00f6n geschm\u00fcckten Baum eine Spende.<\/p>\n","protected":false},"author":1,"featured_media":0,"parent":75,"menu_order":0,"comment_status":"closed","ping_status":"closed","template":"","meta":{"footnotes":""},"class_list":["post-118","page","type-page","status-publish","hentry"],"_links":{"self":[{"href":"https:\/\/fulkum.de\/index.php?rest_route=\/wp\/v2\/pages\/118","targetHints":{"allow":["GET"]}}],"collection":[{"href":"https:\/\/fulkum.de\/index.php?rest_route=\/wp\/v2\/pages"}],"about":[{"href":"https:\/\/fulkum.de\/index.php?rest_route=\/wp\/v2\/types\/page"}],"author":[{"embeddable":true,"href":"https:\/\/fulkum.de\/index.php?rest_route=\/wp\/v2\/users\/1"}],"replies":[{"embeddable":true,"href":"https:\/\/fulkum.de\/index.php?rest_route=%2Fwp%2Fv2%2Fcomments&post=118"}],"version-history":[{"count":1,"href":"https:\/\/fulkum.de\/index.php?rest_route=\/wp\/v2\/pages\/118\/revisions"}],"predecessor-version":[{"id":119,"href":"https:\/\/fulkum.de\/index.php?rest_route=\/wp\/v2\/pages\/118\/revisions\/119"}],"up":[{"embeddable":true,"href":"https:\/\/fulkum.de\/index.php?rest_route=\/wp\/v2\/pages\/75"}],"wp:attachment":[{"href":"https:\/\/fulkum.de\/index.php?rest_route=%2Fwp%2Fv2%2Fmedia&parent=118"}],"curies":[{"name":"wp","href":"https:\/\/api.w.org\/{rel}","templated":true}]}}