{"id":126,"date":"2022-07-04T15:02:13","date_gmt":"2022-07-04T15:02:13","guid":{"rendered":"https:\/\/fulkum.live-website.com\/?page_id=126"},"modified":"2022-07-04T15:02:13","modified_gmt":"2022-07-04T15:02:13","slug":"foerderverein-fulkumer-muehle","status":"publish","type":"page","link":"https:\/\/fulkum.de\/?page_id=126","title":{"rendered":"F\u00f6rderverein Fulkumer M\u00fchle"},"content":{"rendered":"\n<p>Die Fulkumer Johannim\u00fchle, ein einst\u00f6ckiger Galerieholl\u00e4nder mit Windrose, wurde im Sommer des Jahres 1865 errichtet. Seit 1903 befand sich die M\u00fchle im Besitz der Familie Arjes. Die M\u00fchle wurde 1909 erneuert und 1928 mit einem Elektromotor ausgestattet. Zuletzt waren dort bis zur Aufgabe der M\u00fcllerei im Jahre 1954 f\u00fcnf Elektromotoren in Betrieb.<\/p>\n\n\n\n<p>Ein Galerieholl\u00e4nder unterscheidet sich vom Erd- und Wallholl\u00e4nder, die vom Boden aus bedient werden k\u00f6nnen dadurch, dass f\u00fcr die Bedienung der Fl\u00fcgel (Drehen in den Wind) eine Arbeitsb\u00fchne, die Galerie, gebaut werden musste. Der Vorteil eines ein- oder mehrst\u00f6ckigen Galerieholl\u00e4nders lag in der besseren Windnutzung durch eine gr\u00f6ssere H\u00f6he der M\u00fchle.<\/p>\n\n\n\n<p>Ein Galerieholl\u00e4nder besteht aus drei Teilen: Unterbau, Achtkant und Kappe. Auf dem aus Ziegelsteinen errichteten Unterbau ruht ein durch Kanth\u00f6lzer gebildeter Achtkant, meist aus Eichenholz. Unter- und Oberteil des Achtkants werden von einem Ring aus starken Brettern zusammengehalten. Die Kappe liegt drehbar auf dem Achtkant. Auf der Vorderseite der Kappe ist das Fl\u00fcgelkreuz mit dem Achskopf verkeilt. Die M\u00fchlenfl\u00fcgel werden auch Ruten, ostfriesisch Roden, genannt.<\/p>\n\n\n\n<p>Bei der Holl\u00e4nderwindm\u00fchle wird nur die Kappe der M\u00fchle bewegt. Urspr\u00fcnglich erfolgte das Drehen in den Wind mit dem sog. Steert, der entweder bis zum Boden oder bis zur Galerie reichte. \u00dcber eine Handwinde erfolgte die Drehung. Eine wesentliche Verbesserung wurde durch die Windrose erreicht, die mit Hilfe einer Untersetzung die Kappe automatisch in den Wind drehte.<\/p>\n","protected":false},"excerpt":{"rendered":"<p>Die Fulkumer Johannim\u00fchle, ein einst\u00f6ckiger Galerieholl\u00e4nder mit Windrose, wurde im Sommer des Jahres 1865 errichtet. Seit 1903 befand sich die M\u00fchle im Besitz der Familie Arjes. Die M\u00fchle wurde 1909 erneuert und 1928 mit&#46;&#46;&#46;<\/p>\n","protected":false},"author":1,"featured_media":0,"parent":0,"menu_order":0,"comment_status":"closed","ping_status":"closed","template":"","meta":{"footnotes":""},"class_list":["post-126","page","type-page","status-publish","hentry"],"_links":{"self":[{"href":"https:\/\/fulkum.de\/index.php?rest_route=\/wp\/v2\/pages\/126","targetHints":{"allow":["GET"]}}],"collection":[{"href":"https:\/\/fulkum.de\/index.php?rest_route=\/wp\/v2\/pages"}],"about":[{"href":"https:\/\/fulkum.de\/index.php?rest_route=\/wp\/v2\/types\/page"}],"author":[{"embeddable":true,"href":"https:\/\/fulkum.de\/index.php?rest_route=\/wp\/v2\/users\/1"}],"replies":[{"embeddable":true,"href":"https:\/\/fulkum.de\/index.php?rest_route=%2Fwp%2Fv2%2Fcomments&post=126"}],"version-history":[{"count":1,"href":"https:\/\/fulkum.de\/index.php?rest_route=\/wp\/v2\/pages\/126\/revisions"}],"predecessor-version":[{"id":127,"href":"https:\/\/fulkum.de\/index.php?rest_route=\/wp\/v2\/pages\/126\/revisions\/127"}],"wp:attachment":[{"href":"https:\/\/fulkum.de\/index.php?rest_route=%2Fwp%2Fv2%2Fmedia&parent=126"}],"curies":[{"name":"wp","href":"https:\/\/api.w.org\/{rel}","templated":true}]}}