{"id":128,"date":"2022-07-04T15:02:58","date_gmt":"2022-07-04T15:02:58","guid":{"rendered":"https:\/\/fulkum.live-website.com\/?page_id=128"},"modified":"2022-07-04T15:02:59","modified_gmt":"2022-07-04T15:02:59","slug":"chor","status":"publish","type":"page","link":"https:\/\/fulkum.de\/?page_id=128","title":{"rendered":"Chor"},"content":{"rendered":"\n<p>Am 5.Januar 1989 wurde auf Initiative von Arno Poppen und Fokko K\u00f6hler in Fulkum ein Chor ins Leben gerufen. Die ersten Proben unter der Leitung von Siegfried Ubben waren gut besucht, so dass bereits im Mai 1989 anl\u00e4\u00dflich des Fulkumer Stra\u00dfenfestes der erste \u00f6ffentliche Auftritt erfolgte. Im Laufe des Gr\u00fcndungsjahres wurde der Chorname \u201eEenigkeit\u201c, der symbolisch f\u00fcr die Eintracht der aus Fulkum und den umliegenden Orten kommenden Chormitgliedern steht und auch die Verbindung zur plattdeutschen Mundart dokumentieren soll, gefunden und seitdem gef\u00fchrt.<\/p>\n\n\n\n<p>Anfang 1995 erkrankte Siegfried Ubben, der die \u00fcberwiegend unerfahrenen Mitglieder in sehr kurzer Zeit zu einem stimmsicheren vierstimmigen Chor formiert hatte, so dass kurzfristig ein neuer Leiter gefunden werden musste. Es gelang schlie\u00dflich, im Sommer 1995 mit Oberstudiendirektor a. D. Karl-Heinz Wiechers aus Dornumersiel einen kompetenten und erfahrenen Musiker als neuen Chorleiter zu gewinnen. Das musikalische Repertoire wurde mit Karl &#8211; Heinz Wiechers insbesondere im maritimen Bereich erweitert. Ein weiterer Schwerpunkt waren Liedertexte in niederdeutscher (plattdeutscher) Mundart.<\/p>\n\n\n\n<p>Auf eigenen Wunsch beendete Karl-Heinz Wiechers im Februar 2003 seine 8-j\u00e4hrige Chorleitert\u00e4tigkeit bei \u201eEenigkeit\u201c.<\/p>\n\n\n\n<p>Mit Susanne Feith aus Holtgast konnte der Chor bei der Verabschiedung von Karl-Heinz Wiechers am 27. Februar 2003 gleichzeitig seine neue Chorleiterin pr\u00e4sentieren. Susanne Feith ist bereits als Organistin in der Fulkumer Kirchengemeinde t\u00e4tig und absolviert derzeit ihre Chorleiterausbildung. Mit ihr wird weiterhin kirchliches und weltliches Liedgut einge\u00fcbt und der \u00d6ffentlichkeit vorgestellt werden. Der Anfang der \u00f6ffentlichen Auftritte wird beim Er\u00f6ffnungsgottesdienst anl\u00e4sslich des Stra\u00dfenfestes am Himmelfahrtstag in Fulkum gemacht werden.<\/p>\n\n\n\n<p>Vorsitzender des Chores ist seit Bestehen des Chores Arno Poppen aus Fulkum.<\/p>\n","protected":false},"excerpt":{"rendered":"<p>Am 5.Januar 1989 wurde auf Initiative von Arno Poppen und Fokko K\u00f6hler in Fulkum ein Chor ins Leben gerufen. Die ersten Proben unter der Leitung von Siegfried Ubben waren gut besucht, so dass bereits&#46;&#46;&#46;<\/p>\n","protected":false},"author":1,"featured_media":0,"parent":0,"menu_order":0,"comment_status":"closed","ping_status":"closed","template":"","meta":{"footnotes":""},"class_list":["post-128","page","type-page","status-publish","hentry"],"_links":{"self":[{"href":"https:\/\/fulkum.de\/index.php?rest_route=\/wp\/v2\/pages\/128","targetHints":{"allow":["GET"]}}],"collection":[{"href":"https:\/\/fulkum.de\/index.php?rest_route=\/wp\/v2\/pages"}],"about":[{"href":"https:\/\/fulkum.de\/index.php?rest_route=\/wp\/v2\/types\/page"}],"author":[{"embeddable":true,"href":"https:\/\/fulkum.de\/index.php?rest_route=\/wp\/v2\/users\/1"}],"replies":[{"embeddable":true,"href":"https:\/\/fulkum.de\/index.php?rest_route=%2Fwp%2Fv2%2Fcomments&post=128"}],"version-history":[{"count":1,"href":"https:\/\/fulkum.de\/index.php?rest_route=\/wp\/v2\/pages\/128\/revisions"}],"predecessor-version":[{"id":129,"href":"https:\/\/fulkum.de\/index.php?rest_route=\/wp\/v2\/pages\/128\/revisions\/129"}],"wp:attachment":[{"href":"https:\/\/fulkum.de\/index.php?rest_route=%2Fwp%2Fv2%2Fmedia&parent=128"}],"curies":[{"name":"wp","href":"https:\/\/api.w.org\/{rel}","templated":true}]}}