{"id":135,"date":"2022-07-04T15:06:15","date_gmt":"2022-07-04T15:06:15","guid":{"rendered":"https:\/\/fulkum.live-website.com\/?page_id=135"},"modified":"2022-07-04T15:11:43","modified_gmt":"2022-07-04T15:11:43","slug":"frauenkreis","status":"publish","type":"page","link":"https:\/\/fulkum.de\/?page_id=135","title":{"rendered":"Frauenkreis"},"content":{"rendered":"\n<p>Die Idee zur Gr\u00fcndung eines Frauenkreises entstand Ende der 70er Jahre. Einige Frauen aus Fulkum und Umgebung wollten auch mal unter sich sein und etwas ohne die M\u00e4nner unternehmen.<\/p>\n\n\n\n<p>Es war dann Hannelore Rademacher, welche die Initiative ergriff. Am 23. September 1979 traf sie sich zum ersten Mal mit einigen anderen Frauen zur Gr\u00fcndungsversammlung. Als weitere Gr\u00fcndungsmitglieder sind unter anderem noch Hilke Rademacher, Gretchen Freese, Hertha Gerdes, Meta Hieronimus und Helene Wilken \u00fcberliefert.<\/p>\n\n\n\n<p>Man kam \u00fcberein, dass man sich regelm\u00e4ssig einmal im Monat treffen wolle, um miteinander Tee zu trinken und etwas zu kl\u00f6nen, aber auch um zu handarbeiten, basteln oder auch ganz was anderes gemeinsam auf die Beine zu stellen. So war es auch der Frauenkreis, der bereits kurz nach der Gr\u00fcndung die Weihnachtsfeier f\u00fcr Kinder organisierte, was inzwischen vom KBV Fulkum \u00fcbernommen wurde.<\/p>\n\n\n\n<p>Im Laufe der Jahre haben sich neue Mitglieder hinzugesellt, andere sind nicht mehr dabei. Zur Zeit besteht der Fulkumer Frauenkreis aus 14 Personen. Diese Gruppe ist inzwischen eine feste Institution in Fulkum. Man trifft sich an jedem zweiten Dienstag im Monat. Hier entstehen dann so manche selbstgemachte Kunstwerke. Einmal im Jahr findet auch eine Fahrradtour statt und sogar eine Tagesfahrt wird stets unternommen. Hieran nehmen auch oft interessierte, Nichtmitglieder teil.<\/p>\n\n\n\n<p>Auch auf dem Fulkumer Strassenfest ist der Frauenkreis in jedem Jahr vertreten. Anfangs war es ein Stand mit selbstgebastelten Dingen, dann mit heissen Waffeln und inzwischen ist der Frauenkreis mit seinem Kaffee und selbstgebackenen Kuchen bei der Schule nicht mehr vom Strassenfest wegzudenken.<\/p>\n","protected":false},"excerpt":{"rendered":"<p>Die Idee zur Gr\u00fcndung eines Frauenkreises entstand Ende der 70er Jahre. Einige Frauen aus Fulkum und Umgebung wollten auch mal unter sich sein und etwas ohne die M\u00e4nner unternehmen. Es war dann Hannelore Rademacher,&#46;&#46;&#46;<\/p>\n","protected":false},"author":1,"featured_media":0,"parent":0,"menu_order":0,"comment_status":"closed","ping_status":"closed","template":"","meta":{"footnotes":""},"class_list":["post-135","page","type-page","status-publish","hentry"],"_links":{"self":[{"href":"https:\/\/fulkum.de\/index.php?rest_route=\/wp\/v2\/pages\/135","targetHints":{"allow":["GET"]}}],"collection":[{"href":"https:\/\/fulkum.de\/index.php?rest_route=\/wp\/v2\/pages"}],"about":[{"href":"https:\/\/fulkum.de\/index.php?rest_route=\/wp\/v2\/types\/page"}],"author":[{"embeddable":true,"href":"https:\/\/fulkum.de\/index.php?rest_route=\/wp\/v2\/users\/1"}],"replies":[{"embeddable":true,"href":"https:\/\/fulkum.de\/index.php?rest_route=%2Fwp%2Fv2%2Fcomments&post=135"}],"version-history":[{"count":2,"href":"https:\/\/fulkum.de\/index.php?rest_route=\/wp\/v2\/pages\/135\/revisions"}],"predecessor-version":[{"id":143,"href":"https:\/\/fulkum.de\/index.php?rest_route=\/wp\/v2\/pages\/135\/revisions\/143"}],"wp:attachment":[{"href":"https:\/\/fulkum.de\/index.php?rest_route=%2Fwp%2Fv2%2Fmedia&parent=135"}],"curies":[{"name":"wp","href":"https:\/\/api.w.org\/{rel}","templated":true}]}}