{"id":154,"date":"2022-07-06T14:12:32","date_gmt":"2022-07-06T14:12:32","guid":{"rendered":"https:\/\/fulkum.live-website.com\/?page_id=154"},"modified":"2022-07-06T14:13:15","modified_gmt":"2022-07-06T14:13:15","slug":"geschichte","status":"publish","type":"page","link":"https:\/\/fulkum.de\/?page_id=154","title":{"rendered":"Die Glocke"},"content":{"rendered":"\n<p>Der Glockenturm wurde 1997 umfassend saniert. Dabei wurde eine vom Mauerwerk unabh\u00e4ngige Glockenaufh\u00e4ngung installiert, so dass sich die Schwingungen beim Gel\u00e4ut nicht mehr auf den Turm \u00fcbertragen. Bis dahin lagerten die Balken, welche die Glocke trugen, auf den Mauern des Turmes.<\/p>\n\n\n\n<p>Die Fulkumer Glocke hat zwei Vorg\u00e4ngerinnen gehabt. Im Jahre 1475 wurde in Bremen oder von wandernden Glockengiessern direkt bei der Kirche f\u00fcr Fulkum eine Glocke gegossen, die sp\u00e4ter aber in die Kirche zu Buttforde gebracht wurde. Auf der Glocke soll neben der Inschrift:<\/p>\n\n\n\n<p>Maria bin ick geheten.<br>De von Folkum leten mi gethen<br>Got ghewe siner Seele Rad.<br>Berend Klinghe van Bremen de mi ghaten hat,<br>anno dni M.CCCC.LXXV<br>auch das Bild der Maria Magdalena zu sehen gewesen sein. Der Erbauer Berend Klinghe geh\u00f6rte zu einer ber\u00fchmten Glockengie\u00dferfamilie des 15. Jahrhunderts, von der u.a. auch die Bronzetaufe in Esens gegossen wurde.<\/p>\n\n\n\n<p>Etwa hundert Jahre sp\u00e4ter liess die Gemeinde eine weitere Glocke giessen, die von Balthasar Arend so beschrieben wird:<\/p>\n\n\n\n<p>Auf der Glocken, die nun gar klein und 1574 gegossen worden, stehet: &#8222;Verbum Domini mant in eternum&#8220; (Das Wort des Herrn bleibt in Ewigkeit). Die heutige Glocke wurde 1834 von der Glockengie\u00dferwerkstatt M. und C. Fremy gegossen. Diese Glocke\u00f6lgie\u00dferfamilie, Hugenotten aus Lothringen, kam im 17. Jahrhundert in die Niederlande und auch in unseren Raum. Sie lebte im 18. und 19. Jahrhundert auf Gut Barghausen bei Burhafe. Der alte Meister, der 1837 gestorben ist, hatte den Vornamen Mameus, der junge Meister hie\u00df Claudy und danach die Firma M. u. C. Fremy. Ob die Glocke in ihrer Werkstatt oder in Fulkum gegossen wurde, ist nicht bekannt. Die Inschrift der Glocke lautet:<\/p>\n\n\n\n<p>WEIT IST MEIN HALL<br>WEIT IST MEIN SCHALL<br>DIE STUNDE NAHT<br>BLEICH SCHEINT DIE SAAT<br>GROSS IST DIE WAHL,<br>AUF! SOEHN IM THAL:<br>SCR P. S. W. DETMERS, PASTOR<br>A. I. ARENS, KIRCHENVORSTEHER<br>GEGOSSEN DURCH M. FREMY UND C. FREMY<br>FULKUM 1834<\/p>\n","protected":false},"excerpt":{"rendered":"<p>Der Glockenturm wurde 1997 umfassend saniert. Dabei wurde eine vom Mauerwerk unabh\u00e4ngige Glockenaufh\u00e4ngung installiert, so dass sich die Schwingungen beim Gel\u00e4ut nicht mehr auf den Turm \u00fcbertragen. Bis dahin lagerten die Balken, welche die&#46;&#46;&#46;<\/p>\n","protected":false},"author":1,"featured_media":0,"parent":137,"menu_order":0,"comment_status":"closed","ping_status":"closed","template":"","meta":{"footnotes":""},"class_list":["post-154","page","type-page","status-publish","hentry"],"_links":{"self":[{"href":"https:\/\/fulkum.de\/index.php?rest_route=\/wp\/v2\/pages\/154","targetHints":{"allow":["GET"]}}],"collection":[{"href":"https:\/\/fulkum.de\/index.php?rest_route=\/wp\/v2\/pages"}],"about":[{"href":"https:\/\/fulkum.de\/index.php?rest_route=\/wp\/v2\/types\/page"}],"author":[{"embeddable":true,"href":"https:\/\/fulkum.de\/index.php?rest_route=\/wp\/v2\/users\/1"}],"replies":[{"embeddable":true,"href":"https:\/\/fulkum.de\/index.php?rest_route=%2Fwp%2Fv2%2Fcomments&post=154"}],"version-history":[{"count":2,"href":"https:\/\/fulkum.de\/index.php?rest_route=\/wp\/v2\/pages\/154\/revisions"}],"predecessor-version":[{"id":156,"href":"https:\/\/fulkum.de\/index.php?rest_route=\/wp\/v2\/pages\/154\/revisions\/156"}],"up":[{"embeddable":true,"href":"https:\/\/fulkum.de\/index.php?rest_route=\/wp\/v2\/pages\/137"}],"wp:attachment":[{"href":"https:\/\/fulkum.de\/index.php?rest_route=%2Fwp%2Fv2%2Fmedia&parent=154"}],"curies":[{"name":"wp","href":"https:\/\/api.w.org\/{rel}","templated":true}]}}