{"id":215,"date":"2022-07-07T16:57:56","date_gmt":"2022-07-07T16:57:56","guid":{"rendered":"https:\/\/fulkum.live-website.com\/?page_id=215"},"modified":"2022-07-07T16:57:56","modified_gmt":"2022-07-07T16:57:56","slug":"gruendung","status":"publish","type":"page","link":"https:\/\/fulkum.de\/?page_id=215","title":{"rendered":"Gr\u00fcndung"},"content":{"rendered":"\n<p>Die unter Denkmalschutz stehende M\u00fchle und das M\u00fcllerhaus in Fulkum wurden von Anni Arjes im Jahre 1989 verkauft. Die M\u00fchle wurde vom neuen Eigent\u00fcmer am 18. Septemper 1990 an den im gleichen Jahr gegr\u00fcndeten \u201eF\u00f6rderverein Fulkumer M\u00fchle\u201c verpachtet. Umfangreiche Renovierungsarbeiten waren inzwischen notwendig geworden. Auf Initiative des inzwischen verstorbenen Vorsitzenden Hermann Creutzenberg konnte die Windm\u00fchle dann in den Jahren 1991 bis 1993 mit \u00f6ffentlichen Mitteln umfassend restauriert werden.<\/p>\n\n\n\n<p>Der F\u00f6rderverein Fulkumer M\u00fchle bem\u00fchte sich danach mit seinen zur Verf\u00fcgung stehenden Mitteln um die laufende Instandhaltung der Johanni-M\u00fchle. Die technische Einrichtung im M\u00fchleninneren war noch vollst\u00e4ndig erhalten. Die M\u00fchle konnte jederzeit besichtigt werden. Um neben den Mitgliedsbeitr\u00e4gen weitere Einnahmen f\u00fcr die Unterhaltung des Galerieholl\u00e4nders zu erzielen, veranstaltete der F\u00f6rderverein im Sommer M\u00fchlenfeste und beteiligte sich am Fulkumer Strassenfest. Weitere Sanierungsarbeiten an der M\u00fchle waren f\u00fcr das Jahr 2000\/2001 vorgesehen, zus\u00e4tzliche \u00f6ffentliche Mittel bereits zugesagt. Dazu kam es aufgrund des Brandes jedoch nicht mehr.<\/p>\n","protected":false},"excerpt":{"rendered":"<p>Die unter Denkmalschutz stehende M\u00fchle und das M\u00fcllerhaus in Fulkum wurden von Anni Arjes im Jahre 1989 verkauft. Die M\u00fchle wurde vom neuen Eigent\u00fcmer am 18. Septemper 1990 an den im gleichen Jahr gegr\u00fcndeten&#46;&#46;&#46;<\/p>\n","protected":false},"author":1,"featured_media":0,"parent":126,"menu_order":0,"comment_status":"closed","ping_status":"closed","template":"","meta":{"footnotes":""},"class_list":["post-215","page","type-page","status-publish","hentry"],"_links":{"self":[{"href":"https:\/\/fulkum.de\/index.php?rest_route=\/wp\/v2\/pages\/215","targetHints":{"allow":["GET"]}}],"collection":[{"href":"https:\/\/fulkum.de\/index.php?rest_route=\/wp\/v2\/pages"}],"about":[{"href":"https:\/\/fulkum.de\/index.php?rest_route=\/wp\/v2\/types\/page"}],"author":[{"embeddable":true,"href":"https:\/\/fulkum.de\/index.php?rest_route=\/wp\/v2\/users\/1"}],"replies":[{"embeddable":true,"href":"https:\/\/fulkum.de\/index.php?rest_route=%2Fwp%2Fv2%2Fcomments&post=215"}],"version-history":[{"count":1,"href":"https:\/\/fulkum.de\/index.php?rest_route=\/wp\/v2\/pages\/215\/revisions"}],"predecessor-version":[{"id":216,"href":"https:\/\/fulkum.de\/index.php?rest_route=\/wp\/v2\/pages\/215\/revisions\/216"}],"up":[{"embeddable":true,"href":"https:\/\/fulkum.de\/index.php?rest_route=\/wp\/v2\/pages\/126"}],"wp:attachment":[{"href":"https:\/\/fulkum.de\/index.php?rest_route=%2Fwp%2Fv2%2Fmedia&parent=215"}],"curies":[{"name":"wp","href":"https:\/\/api.w.org\/{rel}","templated":true}]}}