{"id":218,"date":"2022-07-07T16:59:53","date_gmt":"2022-07-07T16:59:53","guid":{"rendered":"https:\/\/fulkum.live-website.com\/?page_id=218"},"modified":"2022-07-07T16:59:54","modified_gmt":"2022-07-07T16:59:54","slug":"brand-der-muehle","status":"publish","type":"page","link":"https:\/\/fulkum.de\/?page_id=218","title":{"rendered":"Brand der M\u00fchle"},"content":{"rendered":"\n<p>Am 21. August 2000 ereignete sich f\u00fcr die Fulkumer B\u00fcrgerinnen und B\u00fcrger und f\u00fcr viele Ferieng\u00e4ste, die hier regelm\u00e4\u00dfig Urlaub machen eine Trag\u00f6die.<\/p>\n\n\n\n<p>Die Fulkumer Johannim\u00fchle brannte bis auf die Grundmauern nieder. Bis weit in das Hinterland konnte man die riesige Rauchs\u00e4ule sehen, die Flammen schlugen \u00fcber 20 m hoch. Trotz unerm\u00fcdlichem Einsatz der Feuerwehren der umliegenden Gemeinden konnte das Fulkumer Wahrzeichen nicht mehr gerettet werden.<\/p>\n\n\n\n<p>Inzwischen sind fast 10 Jahre vergangen. Viele Jahre konnte in Sachen Johannim\u00fchle nichts Positives bewegt werden. Im Dezember 2009 gelang es den drei Protagonisten, sich an einen Tisch zu setzen und einen Neuanfang im Sinne eines Wiederaufbaus der Johannim\u00fchle zu vereinbaren.<\/p>\n\n\n\n<p>Zun\u00e4chst wurde zwischen dem Eigent\u00fcmer, der Gemeinde Holtgast und dem F\u00f6rderverein ein neuer Pachtvertrag bis 31.12.2038 beschlossen. Danach machte sich der Verein unverz\u00fcglich an die Arbeit. Innerhalb der n\u00e4chsten Monate gelang es, die M\u00fchlenruine zu beseitigen und das M\u00fchlengrundst\u00fcck park\u00e4hnlich herzurichten. Brandschutt und verkohlte Holz- und Eisenteile wurden entsorgt und der M\u00fchlenstumpf saniert.<\/p>\n\n\n\n<p>Auf dem M\u00fchlenareal wurde der Wildwuchs entfernt und es entstand eine neue Rasenfl\u00e4che mit B\u00e4nken und Tischen, Blumenbeeten, Obstb\u00e4umen und einem Flintenbeet mit Rosenbogen. Im Jahr 2010 soll der M\u00fchlenstumpf ein wetterfestes Dach erhalten, der Fu\u00dfboden und der Sanit\u00e4rbereich werden erneuert sowie Fenster und T\u00fcren eingebaut. Nach Vorgaben der Denkmalschutzbeh\u00f6rde hat man in Fulkum damit die unabdingbaren Vorleistungen f\u00fcr einen Wiederaufbau der Johannim\u00fchle erbracht.<\/p>\n\n\n\n<p>Jetzt geht es darum, den M\u00fchlenverein auf eine breitere Basis zu stellen. 2010 will man in einzelnen Aktionen mehr Mitglieder f\u00fcr den Verein gewinnen und man muss versuchen, diverse F\u00f6rdermittel und Spenden zu erhalten.<\/p>\n\n\n\n<p>Zu diesem Zweck hat der F\u00f6rderverein Fulkumer M\u00fchle e.V. ein Spendenkonto bei der Kreissparkasse Esens, Konto 150 342 095, BLZ 285 50 000 und bei der VoBa Esens, Kontonummer 66 20 600, BLZ 282 915 51 eingerichtet. Auf Wunsch werden selbstverst\u00e4ndlich Spendenquittungen erteilt. Nat\u00fcrlich kann man sich auch direkt an unsere Kassenf\u00fchrerin Claudia Siebelts (Tel. 04971-9259851) oder den 1. Vorsitzenden Harry Persigla (Tel. 04971-4837) wenden. Der F\u00f6rderverein freut sich \u00fcber jede Spende, dankt den gro\u00dfz\u00fcgigen Gebern und gr\u00fc\u00dft alle M\u00fchlenfreunde mit dem M\u00fcllergru\u00df \u201eGl\u00fcck zu\u201c!<\/p>\n","protected":false},"excerpt":{"rendered":"<p>Am 21. August 2000 ereignete sich f\u00fcr die Fulkumer B\u00fcrgerinnen und B\u00fcrger und f\u00fcr viele Ferieng\u00e4ste, die hier regelm\u00e4\u00dfig Urlaub machen eine Trag\u00f6die. Die Fulkumer Johannim\u00fchle brannte bis auf die Grundmauern nieder. Bis weit&#46;&#46;&#46;<\/p>\n","protected":false},"author":1,"featured_media":0,"parent":126,"menu_order":0,"comment_status":"closed","ping_status":"closed","template":"","meta":{"footnotes":""},"class_list":["post-218","page","type-page","status-publish","hentry"],"_links":{"self":[{"href":"https:\/\/fulkum.de\/index.php?rest_route=\/wp\/v2\/pages\/218","targetHints":{"allow":["GET"]}}],"collection":[{"href":"https:\/\/fulkum.de\/index.php?rest_route=\/wp\/v2\/pages"}],"about":[{"href":"https:\/\/fulkum.de\/index.php?rest_route=\/wp\/v2\/types\/page"}],"author":[{"embeddable":true,"href":"https:\/\/fulkum.de\/index.php?rest_route=\/wp\/v2\/users\/1"}],"replies":[{"embeddable":true,"href":"https:\/\/fulkum.de\/index.php?rest_route=%2Fwp%2Fv2%2Fcomments&post=218"}],"version-history":[{"count":1,"href":"https:\/\/fulkum.de\/index.php?rest_route=\/wp\/v2\/pages\/218\/revisions"}],"predecessor-version":[{"id":219,"href":"https:\/\/fulkum.de\/index.php?rest_route=\/wp\/v2\/pages\/218\/revisions\/219"}],"up":[{"embeddable":true,"href":"https:\/\/fulkum.de\/index.php?rest_route=\/wp\/v2\/pages\/126"}],"wp:attachment":[{"href":"https:\/\/fulkum.de\/index.php?rest_route=%2Fwp%2Fv2%2Fmedia&parent=218"}],"curies":[{"name":"wp","href":"https:\/\/api.w.org\/{rel}","templated":true}]}}