{"id":381,"date":"2024-05-09T18:42:18","date_gmt":"2024-05-09T18:42:18","guid":{"rendered":"https:\/\/fulkum.de\/?page_id=381"},"modified":"2026-05-14T20:02:03","modified_gmt":"2026-05-14T20:02:03","slug":"strassenfest-2024-gewinnlose","status":"publish","type":"page","link":"https:\/\/fulkum.de\/","title":{"rendered":"Stra\u00dfenfest 2026 &#8211; Gewinnlose"},"content":{"rendered":"\n<p>Die Farbe der Lose spielt keine Rolle. Die Gewinne k\u00f6nnen am 18.05.26, 19.05.26 und 22.05.26 im D\u00f6rphuus in der Zeit von 17:00 bis 19:00 Uhr abgeholt werden. Bis zum 29.05.26 k\u00f6nnen die Gewinne unter der Telefonnummer 01523 437 5055 abgefragt werden.<\/p>\n\n\n\n<figure class=\"wp-block-table\"><table class=\"has-fixed-layout\"><tbody><tr><td>91<\/td><td>1776<\/td><td>2938<\/td><td>4434<\/td><\/tr><tr><td>138<\/td><td>1800<\/td><td>3243<\/td><td>4437<\/td><\/tr><tr><td>232<\/td><td>1964<\/td><td>3315<\/td><td>4546<\/td><\/tr><tr><td>402<\/td><td>2082<\/td><td>3371<\/td><td>4664<\/td><\/tr><tr><td>579<\/td><td>2093<\/td><td>3372<\/td><td>4676<\/td><\/tr><tr><td>714<\/td><td>2108<\/td><td>3381<\/td><td>4783<\/td><\/tr><tr><td>734<\/td><td>2157<\/td><td>3382<\/td><td>4870<\/td><\/tr><tr><td>739<\/td><td>2213<\/td><td>3421<\/td><td>4894<\/td><\/tr><tr><td>841<\/td><td>2234<\/td><td>3432<\/td><td>4960<\/td><\/tr><tr><td>899<\/td><td>2244<\/td><td>3609<\/td><td>5060<\/td><\/tr><tr><td>958<\/td><td>2247<\/td><td>3616<\/td><td>5165<\/td><\/tr><tr><td>1022<\/td><td>2267<\/td><td>3712<\/td><td>5330<\/td><\/tr><tr><td>1046<\/td><td>2298<\/td><td>3754<\/td><td>5360<\/td><\/tr><tr><td>1086<\/td><td>2348<\/td><td>3779<\/td><td>5729<\/td><\/tr><tr><td>1146<\/td><td>2392<\/td><td>3954<\/td><td>5743<\/td><\/tr><tr><td>1242<\/td><td>2412<\/td><td>4027<\/td><td>5780<\/td><\/tr><tr><td>1478<\/td><td>2454<\/td><td>4028<\/td><td>5793<\/td><\/tr><tr><td>1498<\/td><td>2468<\/td><td>4033<\/td><td>5821<\/td><\/tr><tr><td>1540<\/td><td>2529<\/td><td>4036<\/td><td>5828<\/td><\/tr><tr><td>1568<\/td><td>2571<\/td><td>4118<\/td><td>5937<\/td><\/tr><tr><td>1583<\/td><td>2706<\/td><td>4125<\/td><td>5990<\/td><\/tr><tr><td>1709<\/td><td>2741<\/td><td>4185<\/td><td><\/td><\/tr><tr><td>1748<\/td><td>2884<\/td><td>4255<\/td><td><\/td><\/tr><\/tbody><\/table><\/figure>\n\n\n\n<p>Die IG-Fulkum bedankt sich bei allen am Stra\u00dfenfest beteiligten Personen, Firmen und Beh\u00f6rden f\u00fcr deren Unterst\u00fctzung und Zusammenarbeit. Die Angaben sind ohne Gew\u00e4hr.<\/p>\n","protected":false},"excerpt":{"rendered":"<p>Die Farbe der Lose spielt keine Rolle. Die Gewinne k\u00f6nnen am 18.05.26, 19.05.26 und 22.05.26 im D\u00f6rphuus in der Zeit von 17:00 bis 19:00 Uhr abgeholt werden. Bis zum 29.05.26 k\u00f6nnen die Gewinne unter&#46;&#46;&#46;<\/p>\n","protected":false},"author":6,"featured_media":0,"parent":0,"menu_order":0,"comment_status":"closed","ping_status":"closed","template":"","meta":{"footnotes":""},"class_list":["post-381","page","type-page","status-publish","hentry"],"_links":{"self":[{"href":"https:\/\/fulkum.de\/index.php?rest_route=\/wp\/v2\/pages\/381","targetHints":{"allow":["GET"]}}],"collection":[{"href":"https:\/\/fulkum.de\/index.php?rest_route=\/wp\/v2\/pages"}],"about":[{"href":"https:\/\/fulkum.de\/index.php?rest_route=\/wp\/v2\/types\/page"}],"author":[{"embeddable":true,"href":"https:\/\/fulkum.de\/index.php?rest_route=\/wp\/v2\/users\/6"}],"replies":[{"embeddable":true,"href":"https:\/\/fulkum.de\/index.php?rest_route=%2Fwp%2Fv2%2Fcomments&post=381"}],"version-history":[{"count":6,"href":"https:\/\/fulkum.de\/index.php?rest_route=\/wp\/v2\/pages\/381\/revisions"}],"predecessor-version":[{"id":422,"href":"https:\/\/fulkum.de\/index.php?rest_route=\/wp\/v2\/pages\/381\/revisions\/422"}],"wp:attachment":[{"href":"https:\/\/fulkum.de\/index.php?rest_route=%2Fwp%2Fv2%2Fmedia&parent=381"}],"curies":[{"name":"wp","href":"https:\/\/api.w.org\/{rel}","templated":true}]}}