{"id":44,"date":"2022-07-01T09:24:31","date_gmt":"2022-07-01T09:24:31","guid":{"rendered":"https:\/\/fulkum.live-website.com\/?page_id=44"},"modified":"2022-07-04T14:10:55","modified_gmt":"2022-07-04T14:10:55","slug":"ig","status":"publish","type":"page","link":"https:\/\/fulkum.de\/?page_id=44","title":{"rendered":"Interessengemeinschaft f\u00fcr Dorfversch\u00f6nerung und Heimatpflege Fulkum e. V."},"content":{"rendered":"\n<p>Im Zuge des Stra\u00dfenneubaus der K1 durch Fulkum 1987\/88 wurde die Interessengemeinschaft Dorfversch\u00f6nerung Fulkum geboren. Auf dem ehemaligen DB-Gel\u00e4nde, an dem bis 1985 die Bahntrasse durch das Dorf verlief, sollte ein Gr\u00fcnstreifen angelegt werden. Einige Fulkumer Einwohner taten sich zusammen, um bei der Gestaltung und Bepflanzung dieser Gr\u00fcnanlage mitwirken zu k\u00f6nnen. Auch die Ideen, das Buswarteh\u00e4uschen aus alten Backsteinen und Tondachziegeln zu erstellen, sowie die beiden Willkommenschilder aus den Klinkersteinen der ehemaligen Stra\u00dfe aufzubauen, stammen von der IG. Bauunternehmer und Gr\u00fcndungsmitglied Hans Hieronimus legte dann Hand an und setze die Ideen in die Tat um. Es entstand das wohl sch\u00f6nste Warteh\u00e4uschen Ostfrieslands, das neben der Johanni-M\u00fchle das meist fotografierte Objekt in Fulkum ist.<\/p>\n\n\n\n<p>So wurde am 15. April 1988 die IG aus der Taufe gehoben. (siehe Seite 5: Protokoll der Gr\u00fcndungsversammlung) Nach der festlichen Einweihung am 10. Juni 1988 durch Ministerin Birgit Breuel hatten die Mitglieder der IG Dorfversch\u00f6nerung die Idee, die neue Stra\u00dfe und den Radfahrweg mit einem gro\u00dfen Stra\u00dfenfest zu feiern. Dass sich hieraus in den folgenden Jahren, einmal ein solches weit \u00fcber die Grenzen des Harlingerlandes bekanntes Mammut-Spektakel entwickeln w\u00fcrde, davon hatte niemand zu tr\u00e4umen gewagt.<\/p>\n\n\n\n<p>Neben dem Stra\u00dfenfest \u00fcbernahm die IG auch die Organisation des Osterfeuers und lie\u00df 1991 auch den Brauch des Maibaumfestes wieder aufleben. Die Einnahmen aus diesen Festen investierte die IG immer voll in die Dorfversch\u00f6nerung. So wurden im Laufe der letzten Jahre mehrere Sitzb\u00e4nke mit Tischen entlang des Radfahrweges in Fulkum, Uppum und Hartsgast aufgestellt. Die nostalgischen Lampen, die Einfassungen der Blumenbeete, mehrerer Blumenk\u00fcbel aus Waschbeton und ein Brunnen mit drei Entnahmestellen zum Bew\u00e4ssern der Gr\u00fcnanlage geh\u00f6ren ebenfalls zu den Investitionen f\u00fcr das Stra\u00dfenfest wurden 20 Bierzelt Garnituren, Sonnenschirme, Tee-Services usw. angeschafft.. Au\u00dferdem beteiligte sich die IG an den nicht unerheblichen Kosten f\u00fcr den Parkplatz bei der Kirche, sowie den 1997 erstellten Ger\u00e4teschuppen auf dem Sportplatz Nicht zuletzt steuerte die IG einen gro\u00dfen Betrag (\u00fcber 25.000,&#8211; DM) f\u00fcr das 1996 fertiggestellte Vereinsheim bei.<\/p>\n\n\n\n<p>Aber auch au\u00dfer der Organisation der Stra\u00dfenfeste sind die Mitglieder der IG flei\u00dfig. Mindestens einmal im Monat treffen sich Mitglieder der IG zur Hege und Pflege der Gr\u00fcnanlagen und der Verkehrsinsel. Die Mitglieder Helmut Cassens, Wilfried Gerdes und Siegrid Westerman arbeiten an einer Dorfchronik, welche zum ersten mal beim 7. Stra\u00dfenfest 1995 der \u00d6ffentlichkeit vorgestellt und f\u00fcr dieses Jahr noch erweitert wurde. In der Mitgliederversammlung vom 15. Dezember 1995 wurde beschlossen den Vereinsnamen in &#8222;Interessengemeinschaft f\u00fcr Dorfversch\u00f6nerung und Heimatpflege&#8220; zu \u00e4ndern. Seit 1996 ist die IG ein eingetragener und gemeinn\u00fctziger Verein.<\/p>\n","protected":false},"excerpt":{"rendered":"<p>Im Zuge des Stra\u00dfenneubaus der K1 durch Fulkum 1987\/88 wurde die Interessengemeinschaft Dorfversch\u00f6nerung Fulkum geboren. Auf dem ehemaligen DB-Gel\u00e4nde, an dem bis 1985 die Bahntrasse durch das Dorf verlief, sollte ein Gr\u00fcnstreifen angelegt werden.&#46;&#46;&#46;<\/p>\n","protected":false},"author":1,"featured_media":0,"parent":0,"menu_order":0,"comment_status":"closed","ping_status":"closed","template":"","meta":{"footnotes":""},"class_list":["post-44","page","type-page","status-publish","hentry"],"_links":{"self":[{"href":"https:\/\/fulkum.de\/index.php?rest_route=\/wp\/v2\/pages\/44","targetHints":{"allow":["GET"]}}],"collection":[{"href":"https:\/\/fulkum.de\/index.php?rest_route=\/wp\/v2\/pages"}],"about":[{"href":"https:\/\/fulkum.de\/index.php?rest_route=\/wp\/v2\/types\/page"}],"author":[{"embeddable":true,"href":"https:\/\/fulkum.de\/index.php?rest_route=\/wp\/v2\/users\/1"}],"replies":[{"embeddable":true,"href":"https:\/\/fulkum.de\/index.php?rest_route=%2Fwp%2Fv2%2Fcomments&post=44"}],"version-history":[{"count":2,"href":"https:\/\/fulkum.de\/index.php?rest_route=\/wp\/v2\/pages\/44\/revisions"}],"predecessor-version":[{"id":89,"href":"https:\/\/fulkum.de\/index.php?rest_route=\/wp\/v2\/pages\/44\/revisions\/89"}],"wp:attachment":[{"href":"https:\/\/fulkum.de\/index.php?rest_route=%2Fwp%2Fv2%2Fmedia&parent=44"}],"curies":[{"name":"wp","href":"https:\/\/api.w.org\/{rel}","templated":true}]}}