{"id":76,"date":"2022-07-01T13:55:22","date_gmt":"2022-07-01T13:55:22","guid":{"rendered":"https:\/\/fulkum.live-website.com\/?page_id=76"},"modified":"2022-07-07T07:59:44","modified_gmt":"2022-07-07T07:59:44","slug":"strassenfest","status":"publish","type":"page","link":"https:\/\/fulkum.de\/?page_id=76","title":{"rendered":"Vatertag, auf zum Stra\u00dfenfest nach Fulkum"},"content":{"rendered":"\n<p>Das Fulkumer Strassenfest hat sich zu einer festen Institution im Raum Ostfriesland etabliert. Bereits seit 1989 findet allj\u00e4hrlich am Vatertag das Fulkumer Strassenfest statt. Es hat sich von Jahr zu Jahr wachsender Beliebtheit erfreut. Am diesem Tag pilgern mehrere tausend Menschen nach Fulkum.<\/p>\n\n\n\n<p>F\u00fcr die Durstigen und Hungrigen sind viele Verzehr- und Getr\u00e4nkest\u00e4nde aufgebaut. Neben Wurst und Schwenkbraten vom Grill, Brath\u00e4hnchen und J\u00e4gerpfanne, Aal und Fischbr\u00f6tchen gibt es leckere Berliner der B\u00e4ckerei Tido Gerdes.<\/p>\n\n\n\n<p>Auch zu sehen gibt es allerhand. Neben Oldtimer-Traktoren, einer Autoschau, Feuerwehrwagen und -ger\u00e4te, Antik-und Kunstgewerbe sowie einen Flohmarkt.<\/p>\n\n\n\n<p>Alle Fulkumer Vereine und Gruppen sind aktiv am Stra\u00dfenfest beteiligt. Sportverein, Bo\u00dfelverein, Gesangverein, M\u00fchlenverein, Angelverein, Frauenkreis, Dorfjugend und als Veranstalter die IG Dorfversch\u00f6nerung e.V. Aber auch Vereine aus den Nachbargemeinden beteiligen sich.<\/p>\n\n\n\n<p>Die Einnahmen der gro\u00dfen Tombola, bei der es vielen Preise zu gewinnen gibt, kommen der Dorfversch\u00f6nerung zugute<\/p>\n\n\n\n<p>Das Stra\u00dfenfest beginnt um 10.00 Uhr mit einem Gottesdienst in der \u201eMaria-Magdalenen-Kirche\u201c. Um 11.00 Uhr wird das Stra\u00dfenfest durch den B\u00fcrgermeister, dem Schirmherren und den Vorsitzenden des IG Dorfversch\u00f6nerung e.V. er\u00f6ffnet. Weiterer H\u00f6hepunkt ist der Umzug am Nachmittag.<\/p>\n\n\n\n<p>Wenn Sie hierdurch Interesse an unserem Stra\u00dfenfest gefunden haben, kommen Sie am Vatertag nach Fulkum.<\/p>\n\n\n\n<p>Bedanken m\u00f6chten wir uns bei allen Mitwirkenden, ohne deren Hilfe dieses Strassenfest in dieser Gr\u00f6\u00dfe und Qualit\u00e4t nicht m\u00f6glich w\u00e4re. Danke.<\/p>\n","protected":false},"excerpt":{"rendered":"<p>Das Fulkumer Strassenfest hat sich zu einer festen Institution im Raum Ostfriesland etabliert. Bereits seit 1989 findet allj\u00e4hrlich am Vatertag das Fulkumer Strassenfest statt. Es hat sich von Jahr zu Jahr wachsender Beliebtheit erfreut.&#46;&#46;&#46;<\/p>\n","protected":false},"author":1,"featured_media":0,"parent":44,"menu_order":0,"comment_status":"closed","ping_status":"closed","template":"","meta":{"footnotes":""},"class_list":["post-76","page","type-page","status-publish","hentry"],"_links":{"self":[{"href":"https:\/\/fulkum.de\/index.php?rest_route=\/wp\/v2\/pages\/76","targetHints":{"allow":["GET"]}}],"collection":[{"href":"https:\/\/fulkum.de\/index.php?rest_route=\/wp\/v2\/pages"}],"about":[{"href":"https:\/\/fulkum.de\/index.php?rest_route=\/wp\/v2\/types\/page"}],"author":[{"embeddable":true,"href":"https:\/\/fulkum.de\/index.php?rest_route=\/wp\/v2\/users\/1"}],"replies":[{"embeddable":true,"href":"https:\/\/fulkum.de\/index.php?rest_route=%2Fwp%2Fv2%2Fcomments&post=76"}],"version-history":[{"count":3,"href":"https:\/\/fulkum.de\/index.php?rest_route=\/wp\/v2\/pages\/76\/revisions"}],"predecessor-version":[{"id":175,"href":"https:\/\/fulkum.de\/index.php?rest_route=\/wp\/v2\/pages\/76\/revisions\/175"}],"up":[{"embeddable":true,"href":"https:\/\/fulkum.de\/index.php?rest_route=\/wp\/v2\/pages\/44"}],"wp:attachment":[{"href":"https:\/\/fulkum.de\/index.php?rest_route=%2Fwp%2Fv2%2Fmedia&parent=76"}],"curies":[{"name":"wp","href":"https:\/\/api.w.org\/{rel}","templated":true}]}}