{"id":77,"date":"2022-07-01T13:55:22","date_gmt":"2022-07-01T13:55:22","guid":{"rendered":"https:\/\/fulkum.live-website.com\/?page_id=77"},"modified":"2022-07-09T16:48:59","modified_gmt":"2022-07-09T16:48:59","slug":"gruendung","status":"publish","type":"page","link":"https:\/\/fulkum.de\/?page_id=77","title":{"rendered":"Gr\u00fcndung"},"content":{"rendered":"\n<p>Protokoll \u00fcber die Gr\u00fcndungsversammlung der IG Dorfversch\u00f6nerung<\/p>\n\n\n\n<p>Fulkum am 15.04.1988 in der Gastst\u00e4tte &#8222;Uns Kroog&#8220;<\/p>\n\n\n\n<p>Beginn: 19.30 Uhr <br>Ende: 22.30 Uhr<\/p>\n\n\n\n<p>Mit heutiger Zusammenkunft wurde von dem gew\u00e4hlten Ausschuss der \u201cInteressengemeinschaft Dorfversch\u00f6nerung Fulkum folgender Vorstand gebildet:<\/p>\n\n\n\n<table id=\"tablepress-6\" class=\"tablepress tablepress-id-6\">\n<thead>\n<tr class=\"row-1\">\n\t<th class=\"column-1\" style=\"width:50%;\">Name<\/th><th class=\"column-2\" style=\"width:50%;\">Position<\/th>\n<\/tr>\n<\/thead>\n<tbody class=\"row-striping row-hover\">\n<tr class=\"row-2\">\n\t<td class=\"column-1\">Karl-Remmer Westerman<\/td><td class=\"column-2\">1. Vorsitzender<\/td>\n<\/tr>\n<tr class=\"row-3\">\n\t<td class=\"column-1\">Hans Hieronimus<\/td><td class=\"column-2\">2. Vorsitzender<\/td>\n<\/tr>\n<tr class=\"row-4\">\n\t<td class=\"column-1\">Arno Poppen<\/td><td class=\"column-2\">Kassenwart<\/td>\n<\/tr>\n<tr class=\"row-5\">\n\t<td class=\"column-1\">Rolf Schuirmann<\/td><td class=\"column-2\">Schriftf\u00fchrer<\/td>\n<\/tr>\n<tr class=\"row-6\">\n\t<td class=\"column-1\">Martin Eilts<\/td><td class=\"column-2\">Festausschuss<\/td>\n<\/tr>\n<tr class=\"row-7\">\n\t<td class=\"column-1\">Reiner R\u00f6ttgers<\/td><td class=\"column-2\">Festausschuss<\/td>\n<\/tr>\n<\/tbody>\n<\/table>\n<!-- #tablepress-6 from cache -->\n\n\n\n<p>Die Kasse wird mit der Spende vom Osterfeuer er\u00f6ffnet. Arno Poppen wird bei der Sparkasse Esens ein Konto er\u00f6ffnen. Desweiteren ist f\u00fcr Sonntag, dem 17.04.88 eine Nistkasten-Aktion geplant. 50 Nistk\u00e4sten wurden in Eigeninitiative hergestellt und sollen nun in Fulkum aufgeh\u00e4ngt werden. Hierzu soll die Lokalzeitung eingeladen werden.<\/p>\n\n\n\n<p>Hans Hieronimus legte vom geplanten Warteh\u00e4uschen und den Willkommenssteinen eine Skizze vor. welche bei B\u00fcrgermeister H. Eilts eingereicht werden soll. Dem Entwurf der geplanten Willkommenssteine und des Warteh\u00e4uschens wurde von allen Anwesenden Mitgliedern zugestimmt.<\/p>\n\n\n\n<p>Es folgte noch eine kurze Besprechung \u00fcber den Besuch von Ministerin Birgit Breuel am 10. Juni 1988 zur offiziellen Einweihung der neuen Kreisstra\u00dfe und des neuen Radfahrweges. Auf Vorschlag vom Gemeinde Ratsmitglied Gerd Freese soll die IG die Bewirtung und Berlinern der geladenen G\u00e4ste vornehmen. Es soll ein kleines Festzelt aufgebaut werden. Au\u00dferdem sollen ein Grill- und Getr\u00e4nkestand von der IG betrieben werden. Die gesamten Kosten f\u00fcr die Einweihungsfeier tr\u00e4gt der Landkreis Wittmund. Die Anwesenden stimmten dem Vorschlag einstimmig zu. Die Einzelheiten der geplanten Einweihungsfeier sollen in der n\u00e4chsten Versammlung besprochen werden.<\/p>\n","protected":false},"excerpt":{"rendered":"<p>Protokoll \u00fcber die Gr\u00fcndungsversammlung der IG Dorfversch\u00f6nerung Fulkum am 15.04.1988 in der Gastst\u00e4tte &#8222;Uns Kroog&#8220; Beginn: 19.30 Uhr Ende: 22.30 Uhr Mit heutiger Zusammenkunft wurde von dem gew\u00e4hlten Ausschuss der \u201cInteressengemeinschaft Dorfversch\u00f6nerung Fulkum folgender&#46;&#46;&#46;<\/p>\n","protected":false},"author":1,"featured_media":0,"parent":44,"menu_order":0,"comment_status":"closed","ping_status":"closed","template":"","meta":{"footnotes":""},"class_list":["post-77","page","type-page","status-publish","hentry"],"_links":{"self":[{"href":"https:\/\/fulkum.de\/index.php?rest_route=\/wp\/v2\/pages\/77","targetHints":{"allow":["GET"]}}],"collection":[{"href":"https:\/\/fulkum.de\/index.php?rest_route=\/wp\/v2\/pages"}],"about":[{"href":"https:\/\/fulkum.de\/index.php?rest_route=\/wp\/v2\/types\/page"}],"author":[{"embeddable":true,"href":"https:\/\/fulkum.de\/index.php?rest_route=\/wp\/v2\/users\/1"}],"replies":[{"embeddable":true,"href":"https:\/\/fulkum.de\/index.php?rest_route=%2Fwp%2Fv2%2Fcomments&post=77"}],"version-history":[{"count":3,"href":"https:\/\/fulkum.de\/index.php?rest_route=\/wp\/v2\/pages\/77\/revisions"}],"predecessor-version":[{"id":266,"href":"https:\/\/fulkum.de\/index.php?rest_route=\/wp\/v2\/pages\/77\/revisions\/266"}],"up":[{"embeddable":true,"href":"https:\/\/fulkum.de\/index.php?rest_route=\/wp\/v2\/pages\/44"}],"wp:attachment":[{"href":"https:\/\/fulkum.de\/index.php?rest_route=%2Fwp%2Fv2%2Fmedia&parent=77"}],"curies":[{"name":"wp","href":"https:\/\/api.w.org\/{rel}","templated":true}]}}