{"id":78,"date":"2022-07-01T13:55:22","date_gmt":"2022-07-01T13:55:22","guid":{"rendered":"https:\/\/fulkum.live-website.com\/?page_id=78"},"modified":"2026-03-14T18:49:56","modified_gmt":"2026-03-14T18:49:56","slug":"vorstand","status":"publish","type":"page","link":"https:\/\/fulkum.de\/?page_id=78","title":{"rendered":"Vorstand"},"content":{"rendered":"\n<p>Bei der Jahreshauptversammlung am 13.03.2026 wurde der neue Vorstand gew\u00e4hlt. Der Vorstand wird f\u00fcr die Dauer von 2 Jahren gew\u00e4hlt. (Stand: 13.03.2026)<\/p>\n\n\n\n<table id=\"tablepress-4\" class=\"tablepress tablepress-id-4\">\n<thead>\n<tr class=\"row-1\">\n\t<th class=\"column-1\" style=\"width:50%;\">Name<\/th><th class=\"column-2\" style=\"width:50%;\">Position<\/th>\n<\/tr>\n<\/thead>\n<tbody class=\"row-striping row-hover\">\n<tr class=\"row-2\">\n\t<td class=\"column-1\">Heiko R\u00f6ttgers<\/td><td class=\"column-2\">1. Vorsitzender<\/td>\n<\/tr>\n<tr class=\"row-3\">\n\t<td class=\"column-1\">Dieter Siebelts<\/td><td class=\"column-2\">2. Vorsitzender<\/td>\n<\/tr>\n<tr class=\"row-4\">\n\t<td class=\"column-1\">Sabine Kaufmann<\/td><td class=\"column-2\">Kassenwartin<\/td>\n<\/tr>\n<tr class=\"row-5\">\n\t<td class=\"column-1\">Arno Poppen<\/td><td class=\"column-2\">stv. Kassenwart<\/td>\n<\/tr>\n<tr class=\"row-6\">\n\t<td class=\"column-1\">Ewald Hinrichs<\/td><td class=\"column-2\">Schriftf\u00fchrer<\/td>\n<\/tr>\n<tr class=\"row-7\">\n\t<td class=\"column-1\">Gesa Schr\u00f6der<\/td><td class=\"column-2\">stv. Schriftf\u00fchrerin<\/td>\n<\/tr>\n<tr class=\"row-8\">\n\t<td class=\"column-1\">Karl Rabenstein<\/td><td class=\"column-2\">Festausschuss-Vorsitzender<\/td>\n<\/tr>\n<tr class=\"row-9\">\n\t<td class=\"column-1\">Geeske Siebels<\/td><td class=\"column-2\">stv. Festausschuss-Vorsitzender<\/td>\n<\/tr>\n<tr class=\"row-10\">\n\t<td class=\"column-1\">Rudolf Schr\u00f6der<\/td><td class=\"column-2\">Ger\u00e4tewart<\/td>\n<\/tr>\n<\/tbody>\n<\/table>\n\n\n\n\n<h2 class=\"wp-block-heading has-medium-font-size\" style=\"font-style:normal;font-weight:600\">Erweiterter Vorstand<\/h2>\n\n\n\n<table id=\"tablepress-5\" class=\"tablepress tablepress-id-5\">\n<thead>\n<tr class=\"row-1\">\n\t<th class=\"column-1\" style=\"width:50%;\">Name<\/th><th class=\"column-2\" style=\"width:50%;\">Position\ufeff<\/th>\n<\/tr>\n<\/thead>\n<tbody class=\"row-striping row-hover\">\n<tr class=\"row-2\">\n\t<td class=\"column-1\">RonNowak<\/td><td class=\"column-2\">Festausschuss<\/td>\n<\/tr>\n<tr class=\"row-3\">\n\t<td class=\"column-1\">Hendrik Schuirmann<\/td><td class=\"column-2\">Festausschuss<\/td>\n<\/tr>\n<tr class=\"row-4\">\n\t<td class=\"column-1\">Kai Janssen<\/td><td class=\"column-2\">Festausschuss<\/td>\n<\/tr>\n<tr class=\"row-5\">\n\t<td class=\"column-1\">Karl-Remmer Westerman<\/td><td class=\"column-2\">Festausschuss<\/td>\n<\/tr>\n<tr class=\"row-6\">\n\t<td class=\"column-1\">Martina Hinrichs<\/td><td class=\"column-2\">Festausschuss<\/td>\n<\/tr>\n<tr class=\"row-7\">\n\t<td class=\"column-1\">Ole Janssen<\/td><td class=\"column-2\">Festausschuss<\/td>\n<\/tr>\n<tr class=\"row-8\">\n\t<td class=\"column-1\">Peter Weinstock<\/td><td class=\"column-2\">Festausschuss<\/td>\n<\/tr>\n<tr class=\"row-9\">\n\t<td class=\"column-1\">Renke Arians<\/td><td class=\"column-2\">Festausschuss<\/td>\n<\/tr>\n<\/tbody>\n<\/table>\n\n\n\n\n<h2 class=\"wp-block-heading has-medium-font-size\" style=\"font-style:normal;font-weight:600\">Kassenpr\u00fcfer<\/h2>\n\n\n\n<table id=\"tablepress-11\" class=\"tablepress tablepress-id-11\">\n<thead>\n<tr class=\"row-1\">\n\t<th class=\"column-1\" style=\"width:100%;\">Name<\/th>\n<\/tr>\n<\/thead>\n<tbody class=\"row-striping row-hover\">\n<tr class=\"row-2\">\n\t<td class=\"column-1\">Rolf Strutz<\/td>\n<\/tr>\n<tr class=\"row-3\">\n\t<td class=\"column-1\">Martina Hahn<\/td>\n<\/tr>\n<\/tbody>\n<\/table>\n\n","protected":false},"excerpt":{"rendered":"<p>Bei der Jahreshauptversammlung am 13.03.2026 wurde der neue Vorstand gew\u00e4hlt. Der Vorstand wird f\u00fcr die Dauer von 2 Jahren gew\u00e4hlt. (Stand: 13.03.2026) Erweiterter Vorstand Kassenpr\u00fcfer<\/p>\n","protected":false},"author":1,"featured_media":0,"parent":44,"menu_order":0,"comment_status":"closed","ping_status":"closed","template":"","meta":{"footnotes":""},"class_list":["post-78","page","type-page","status-publish","hentry"],"_links":{"self":[{"href":"https:\/\/fulkum.de\/index.php?rest_route=\/wp\/v2\/pages\/78","targetHints":{"allow":["GET"]}}],"collection":[{"href":"https:\/\/fulkum.de\/index.php?rest_route=\/wp\/v2\/pages"}],"about":[{"href":"https:\/\/fulkum.de\/index.php?rest_route=\/wp\/v2\/types\/page"}],"author":[{"embeddable":true,"href":"https:\/\/fulkum.de\/index.php?rest_route=\/wp\/v2\/users\/1"}],"replies":[{"embeddable":true,"href":"https:\/\/fulkum.de\/index.php?rest_route=%2Fwp%2Fv2%2Fcomments&post=78"}],"version-history":[{"count":22,"href":"https:\/\/fulkum.de\/index.php?rest_route=\/wp\/v2\/pages\/78\/revisions"}],"predecessor-version":[{"id":416,"href":"https:\/\/fulkum.de\/index.php?rest_route=\/wp\/v2\/pages\/78\/revisions\/416"}],"up":[{"embeddable":true,"href":"https:\/\/fulkum.de\/index.php?rest_route=\/wp\/v2\/pages\/44"}],"wp:attachment":[{"href":"https:\/\/fulkum.de\/index.php?rest_route=%2Fwp%2Fv2%2Fmedia&parent=78"}],"curies":[{"name":"wp","href":"https:\/\/api.w.org\/{rel}","templated":true}]}}